{"id":4568,"date":"2025-11-27T08:53:46","date_gmt":"2025-11-27T08:53:46","guid":{"rendered":"https:\/\/www.makenluxury.com\/articolo\/maken-enne-medium-bag\/"},"modified":"2026-01-19T11:34:05","modified_gmt":"2026-01-19T11:34:05","slug":"maken-enne-medium-bag","status":"publish","type":"product","link":"https:\/\/www.makenluxury.com\/en\/item\/maken-enne-medium-bag\/","title":{"rendered":"Mak\u00e8n enne medium bag"},"content":{"rendered":"\t\t<div data-elementor-type=\"product-post\" data-elementor-id=\"4568\" class=\"elementor elementor-4568 elementor-2079\" data-elementor-post-type=\"product\">\n\t\t\t\t<div class=\"elementor-element elementor-element-4ec7375 e-con-full e-flex wpr-particle-no wpr-jarallax-no wpr-parallax-no wpr-sticky-section-no wpr-equal-height-no e-con e-parent\" data-id=\"4ec7375\" data-element_type=\"container\" data-e-type=\"container\">\n\t\t<div class=\"elementor-element elementor-element-7e48d999 e-con-full e-flex wpr-particle-no wpr-jarallax-no wpr-parallax-no wpr-sticky-section-no wpr-equal-height-no e-con e-child\" data-id=\"7e48d999\" data-element_type=\"container\" data-e-type=\"container\">\n\t\t<div class=\"elementor-element elementor-element-3afb65c e-con-full e-flex wpr-particle-no wpr-jarallax-no wpr-parallax-no wpr-sticky-section-no wpr-equal-height-no e-con e-child\" data-id=\"3afb65c\" data-element_type=\"container\" data-e-type=\"container\">\n\t\t\t\t<div class=\"elementor-element elementor-element-1db9dcc elementor-widget elementor-widget-shortcode\" data-id=\"1db9dcc\" data-element_type=\"widget\" data-e-type=\"widget\" data-widget_type=\"shortcode.default\">\n\t\t\t\t\t\t\t<div class=\"elementor-shortcode\">\t\t<div data-elementor-type=\"section\" data-elementor-id=\"4800\" class=\"elementor elementor-4800 elementor-4796 elementor-4796\" data-elementor-post-type=\"elementor_library\">\n\t\t\t<div class=\"elementor-element elementor-element-cfb263b e-con-full e-flex wpr-particle-no wpr-jarallax-no wpr-parallax-no wpr-sticky-section-no wpr-equal-height-no e-con e-child\" data-id=\"cfb263b\" data-element_type=\"container\" data-e-type=\"container\">\n\t\t\t\t<div class=\"elementor-element elementor-element-364c1dc elementor-widget elementor-widget-heading\" data-id=\"364c1dc\" data-element_type=\"widget\" data-e-type=\"widget\" data-widget_type=\"heading.default\">\n\t\t\t\t\t<h3 class=\"elementor-heading-title elementor-size-default\">Description<\/h3>\t\t\t\t<\/div>\n\t\t\t\t<div class=\"elementor-element elementor-element-a6e5cb1 elementor-widget elementor-widget-shortcode\" data-id=\"a6e5cb1\" data-element_type=\"widget\" data-e-type=\"widget\" data-widget_type=\"shortcode.default\">\n\t\t\t\t\t\t\t<div class=\"elementor-shortcode\"><div class=\"maken-readmore-wrapper collapsed\">        <div class=\"maken-readmore-content\">\r\n            <div class=\"maken-text-short\"><p>The MAK\u00c8N ENNE 26 (black\/grey, vintage gold) is crafted from high-quality calfskin and features a semi-soft, elegant, and comfortable construction. The bag features two internal compartments and the new and exclusive MAK\u00c8N closure system. The hardware is in vintage gold,...<\/p>\n<\/div>\r\n            <div class=\"maken-text-full\"><p>The MAK\u00c8N ENNE 26 (black\/grey, vintage gold) is crafted from high-quality calfskin and features a semi-soft, elegant, and comfortable construction.<br \/>\nThe bag features two internal compartments and the new and exclusive MAK\u00c8N closure system. The hardware is in vintage gold, while the single leather handle is adjustable.<br \/>\nThe sides double as functional external pockets, and the front features a large, full-length external pocket.<br \/>\nFunctional and practical, it can hold a phone, small essentials, and everything you need for your day.<br \/>\nSpacious and perfect for everyday use, it's a durable product designed to last.<\/p>\n<\/div>\r\n        <\/div>\r\n        <div class=\"maken-readmore-trigger\">\r\n            <span class=\"maken-trigger-btn\" role=\"button\" tabindex=\"0\">Read More<\/span>\r\n        <\/div>\r\n        <\/div><\/div>\n\t\t\t\t\t\t<\/div>\n\t\t\t\t<\/div>\n\t\t<div class=\"elementor-element elementor-element-484e553 e-con-full e-flex wpr-particle-no wpr-jarallax-no wpr-parallax-no wpr-sticky-section-no wpr-equal-height-no e-con e-child\" data-id=\"484e553\" data-element_type=\"container\" data-e-type=\"container\">\n\t\t\t\t<div class=\"elementor-element elementor-element-8512535 elementor-widget elementor-widget-shortcode\" data-id=\"8512535\" data-element_type=\"widget\" data-e-type=\"widget\" data-widget_type=\"shortcode.default\">\n\t\t\t\t\t\t\t<div class=\"elementor-shortcode\"><div id=\"maken-variation-details-container\" class=\"maken-details-wrapper\">\n                <p class=\"maken-details-placeholder\" style=\"font-style:italic; opacity:0.7;\">Select a color to discover the item details<\/p>\n            <\/div><\/div>\n\t\t\t\t\t\t<\/div>\n\t\t\t\t<div class=\"elementor-element elementor-element-93a49ea elementor-widget elementor-widget-shortcode\" data-id=\"93a49ea\" data-element_type=\"widget\" data-e-type=\"widget\" data-widget_type=\"shortcode.default\">\n\t\t\t\t\t\t\t<div class=\"elementor-shortcode\"><\/div>\n\t\t\t\t\t\t<\/div>\n\t\t\t\t<\/div>\n\t\t<div class=\"elementor-element elementor-element-696d230 e-con-full e-flex wpr-particle-no wpr-jarallax-no wpr-parallax-no wpr-sticky-section-no wpr-equal-height-no e-con e-child\" data-id=\"696d230\" data-element_type=\"container\" data-e-type=\"container\">\n\t\t\t\t<div class=\"elementor-element elementor-element-355b823 elementor-widget elementor-widget-heading\" data-id=\"355b823\" data-element_type=\"widget\" data-e-type=\"widget\" data-widget_type=\"heading.default\">\n\t\t\t\t\t<h3 class=\"elementor-heading-title elementor-size-default\">Product Care<\/h3>\t\t\t\t<\/div>\n\t\t\t\t<div class=\"elementor-element elementor-element-1a4e968 elementor-widget elementor-widget-shortcode\" data-id=\"1a4e968\" data-element_type=\"widget\" data-e-type=\"widget\" data-widget_type=\"shortcode.default\">\n\t\t\t\t\t\t\t<div class=\"elementor-shortcode\"><div class=\"maken-readmore-wrapper collapsed\">        <div class=\"maken-readmore-content\">\r\n            <div class=\"maken-text-short\"><p>MAK\u00c8N products are crafted from carefully selected materials. Please handle with care to ensure the product's longevity. Protect from direct light, heat, and rain. If it comes into contact with water, dry immediately with a soft cloth. Fill the bag...<\/p>\n<\/div>\r\n            <div class=\"maken-text-full\"><p>MAK\u00c8N products are crafted from carefully selected materials.<\/p>\n<p>Please handle with care to ensure the product's longevity.<\/p>\n<ul>\n<li>Protect from direct light, heat, and rain.<\/li>\n<li>If it comes into contact with water, dry immediately with a soft cloth.<\/li>\n<li>Fill the bag with tissue paper to help maintain its shape and absorb moisture.<\/li>\n<li>Always store the product in the provided flannel dust bag.<\/li>\n<li>Avoid carrying excessively heavy items that could alter the structure of the bag.<\/li>\n<li>Clean only with a soft, dry cloth.<\/li>\n<\/ul>\n<\/div>\r\n        <\/div>\r\n        <div class=\"maken-readmore-trigger\">\r\n            <span class=\"maken-trigger-btn\" role=\"button\" tabindex=\"0\">Read More<\/span>\r\n        <\/div>\r\n        <\/div><\/div>\n\t\t\t\t\t\t<\/div>\n\t\t\t\t<\/div>\n\t\t<div class=\"elementor-element elementor-element-84e1b12 e-con-full e-flex wpr-particle-no wpr-jarallax-no wpr-parallax-no wpr-sticky-section-no wpr-equal-height-no e-con e-child\" data-id=\"84e1b12\" data-element_type=\"container\" data-e-type=\"container\">\n\t\t\t\t<div class=\"elementor-element elementor-element-4926136 elementor-widget elementor-widget-heading\" data-id=\"4926136\" data-element_type=\"widget\" data-e-type=\"widget\" data-widget_type=\"heading.default\">\n\t\t\t\t\t<h3 class=\"elementor-heading-title elementor-size-default\">Excellence, Ethics, and Sustainability<\/h3>\t\t\t\t<\/div>\n\t\t\t\t<div class=\"elementor-element elementor-element-824bc51 elementor-widget elementor-widget-shortcode\" data-id=\"824bc51\" data-element_type=\"widget\" data-e-type=\"widget\" data-widget_type=\"shortcode.default\">\n\t\t\t\t\t\t\t<div class=\"elementor-shortcode\"><div class=\"maken-readmore-wrapper collapsed\">        <div class=\"maken-readmore-content\">\r\n            <div class=\"maken-text-short\"><p>MAK\u00c8N is distinguished by its commitment to the highest international standards of social and environmental responsibility throughout the entire value chain. From the rigorous and traceable selection of raw materials to the design and creation of the finished products, we...<\/p>\n<\/div>\r\n            <div class=\"maken-text-full\"><p>MAK\u00c8N is distinguished by its commitment to the highest international standards of social and environmental responsibility throughout the entire value chain. From the rigorous and traceable selection of raw materials to the design and creation of the finished products, we adopt a circular approach that combines craftsmanship, innovation, and sustainability. Every stage of our production process is subject to continuous optimization, aiming to minimize environmental impact and promote an increasingly responsible supply chain. MAK\u00c8N products embody durability, elegance, and awareness, preserving the artisanal excellence that defines our identity and our heritage of savoir-faire.<\/p>\n<\/div>\r\n        <\/div>\r\n        <div class=\"maken-readmore-trigger\">\r\n            <span class=\"maken-trigger-btn\" role=\"button\" tabindex=\"0\">Read More<\/span>\r\n        <\/div>\r\n        <\/div><\/div>\n\t\t\t\t\t\t<\/div>\n\t\t\t\t<\/div>\n\t\t\t\t<\/div>\n\t\t<\/div>\n\t\t\t\t\t\t<\/div>\n\t\t\t\t<\/div>\n\t\t\t\t<\/div>\n\t\t<div class=\"elementor-element elementor-element-fc086c7 e-con-full e-flex wpr-particle-no wpr-jarallax-no wpr-parallax-no wpr-sticky-section-no wpr-equal-height-no e-con e-child\" data-id=\"fc086c7\" data-element_type=\"container\" data-e-type=\"container\" data-settings=\"{&quot;background_background&quot;:&quot;video&quot;,&quot;background_video_link&quot;:&quot;https:\\\/\\\/www.makenluxury.com\\\/wp-content\\\/uploads\\\/2025\\\/11\\\/video-scheda-prodotto.mp4&quot;}\">\n\t\t<div class=\"elementor-background-video-container elementor-hidden-mobile\">\n\t\t\t\t\t\t\t<video class=\"elementor-background-video-hosted\" role=\"presentation\" autoplay muted playsinline loop><\/video>\n\t\t\t\t\t<\/div>\t\t<\/div>\n\t\t\t\t<\/div>\n\t\t\t\t<\/div>\n\t\t","protected":false},"excerpt":{"rendered":"<p>MAK\u00c8N ENNE MEDIUM bag is crafted from calfskin leather with a semi-soft structure, featuring vintage gold-tone hardware, two internal compartments, an adjustable handle, and functional external pockets. Spacious, elegant, and ideal for everyday use.<\/p>\n","protected":false},"featured_media":4566,"template":"","meta":[],"product_brand":[],"product_cat":[104],"product_tag":[114],"class_list":{"0":"post-4568","1":"product","2":"type-product","3":"status-publish","4":"has-post-thumbnail","6":"product_cat-bag","7":"product_tag-maken-enne-bag","9":"first","10":"instock","11":"featured","12":"taxable","13":"shipping-taxable","14":"purchasable","15":"product-type-variable"},"yoast_head":"<!-- This site is optimized with the Yoast SEO plugin v27.4 - https:\/\/yoast.com\/product\/yoast-seo-wordpress\/ -->\n<title>Mak\u00e8n enne medium bag | MAK\u00c8N S.r.L.<\/title>\n<meta name=\"robots\" content=\"index, follow, max-snippet:-1, max-image-preview:large, max-video-preview:-1\" \/>\n<link rel=\"canonical\" href=\"https:\/\/www.makenluxury.com\/en\/item\/maken-enne-medium-bag\/\" \/>\n<meta property=\"og:locale\" content=\"en_US\" \/>\n<meta property=\"og:type\" content=\"article\" \/>\n<meta property=\"og:title\" content=\"Mak\u00e8n enne medium bag | MAK\u00c8N S.r.L.\" \/>\n<meta property=\"og:description\" content=\"MAK\u00c8N ENNE MEDIUM bag is crafted from calfskin leather with a semi-soft structure, featuring vintage gold-tone hardware, two internal compartments, an adjustable handle, and functional external pockets. Spacious, elegant, and ideal for everyday use.\" \/>\n<meta property=\"og:url\" content=\"https:\/\/www.makenluxury.com\/en\/item\/maken-enne-medium-bag\/\" \/>\n<meta property=\"og:site_name\" content=\"MAK\u00c8N S.r.L.\" \/>\n<meta property=\"article:modified_time\" content=\"2026-01-19T11:34:05+00:00\" \/>\n<meta property=\"og:image\" content=\"https:\/\/www.makenluxury.com\/wp-content\/uploads\/2025\/11\/borsa-enne-nero-media.jpg\" \/>\n\t<meta property=\"og:image:width\" content=\"1080\" \/>\n\t<meta property=\"og:image:height\" content=\"810\" \/>\n\t<meta property=\"og:image:type\" content=\"image\/jpeg\" \/>\n<meta name=\"twitter:card\" content=\"summary_large_image\" \/>\n<script type=\"application\/ld+json\" class=\"yoast-schema-graph\">{\"@context\":\"https:\\\/\\\/schema.org\",\"@graph\":[{\"@type\":\"WebPage\",\"@id\":\"https:\\\/\\\/www.makenluxury.com\\\/en\\\/item\\\/maken-enne-medium-bag\\\/\",\"url\":\"https:\\\/\\\/www.makenluxury.com\\\/en\\\/item\\\/maken-enne-medium-bag\\\/\",\"name\":\"Mak\u00e8n enne medium bag | MAK\u00c8N S.r.L.\",\"isPartOf\":{\"@id\":\"https:\\\/\\\/www.makenluxury.com\\\/en\\\/#website\"},\"primaryImageOfPage\":{\"@id\":\"https:\\\/\\\/www.makenluxury.com\\\/en\\\/item\\\/maken-enne-medium-bag\\\/#primaryimage\"},\"image\":{\"@id\":\"https:\\\/\\\/www.makenluxury.com\\\/en\\\/item\\\/maken-enne-medium-bag\\\/#primaryimage\"},\"thumbnailUrl\":\"https:\\\/\\\/www.makenluxury.com\\\/wp-content\\\/uploads\\\/2025\\\/11\\\/borsa-enne-nero-media.jpg\",\"datePublished\":\"2025-11-27T08:53:46+00:00\",\"dateModified\":\"2026-01-19T11:34:05+00:00\",\"breadcrumb\":{\"@id\":\"https:\\\/\\\/www.makenluxury.com\\\/en\\\/item\\\/maken-enne-medium-bag\\\/#breadcrumb\"},\"inLanguage\":\"en-US\",\"potentialAction\":[{\"@type\":\"ReadAction\",\"target\":[\"https:\\\/\\\/www.makenluxury.com\\\/en\\\/item\\\/maken-enne-medium-bag\\\/\"]}]},{\"@type\":\"ImageObject\",\"inLanguage\":\"en-US\",\"@id\":\"https:\\\/\\\/www.makenluxury.com\\\/en\\\/item\\\/maken-enne-medium-bag\\\/#primaryimage\",\"url\":\"https:\\\/\\\/www.makenluxury.com\\\/wp-content\\\/uploads\\\/2025\\\/11\\\/borsa-enne-nero-media.jpg\",\"contentUrl\":\"https:\\\/\\\/www.makenluxury.com\\\/wp-content\\\/uploads\\\/2025\\\/11\\\/borsa-enne-nero-media.jpg\",\"width\":1080,\"height\":810,\"caption\":\"Mak\u00e8n Borsa Enne black medium\"},{\"@type\":\"BreadcrumbList\",\"@id\":\"https:\\\/\\\/www.makenluxury.com\\\/en\\\/item\\\/maken-enne-medium-bag\\\/#breadcrumb\",\"itemListElement\":[{\"@type\":\"ListItem\",\"position\":1,\"name\":\"Home\",\"item\":\"https:\\\/\\\/www.makenluxury.com\\\/en\\\/homepage\\\/\"},{\"@type\":\"ListItem\",\"position\":2,\"name\":\"Shop\",\"item\":\"https:\\\/\\\/www.makenluxury.com\\\/en\\\/shop\\\/\"},{\"@type\":\"ListItem\",\"position\":3,\"name\":\"Mak\u00e8n enne medium bag\"}]},{\"@type\":\"WebSite\",\"@id\":\"https:\\\/\\\/www.makenluxury.com\\\/en\\\/#website\",\"url\":\"https:\\\/\\\/www.makenluxury.com\\\/en\\\/\",\"name\":\"MAK\u00c8N S.r.L.\",\"description\":\"Un segno distintivo di eleganza senza tempo. Scopri presto il mondo MAK\u00c8N\",\"publisher\":{\"@id\":\"https:\\\/\\\/www.makenluxury.com\\\/en\\\/#organization\"},\"potentialAction\":[{\"@type\":\"SearchAction\",\"target\":{\"@type\":\"EntryPoint\",\"urlTemplate\":\"https:\\\/\\\/www.makenluxury.com\\\/en\\\/?s={search_term_string}\"},\"query-input\":{\"@type\":\"PropertyValueSpecification\",\"valueRequired\":true,\"valueName\":\"search_term_string\"}}],\"inLanguage\":\"en-US\"},{\"@type\":\"Organization\",\"@id\":\"https:\\\/\\\/www.makenluxury.com\\\/en\\\/#organization\",\"name\":\"MAK\u00c8N S.r.L.\",\"url\":\"https:\\\/\\\/www.makenluxury.com\\\/en\\\/\",\"logo\":{\"@type\":\"ImageObject\",\"inLanguage\":\"en-US\",\"@id\":\"https:\\\/\\\/www.makenluxury.com\\\/en\\\/#\\\/schema\\\/logo\\\/image\\\/\",\"url\":\"https:\\\/\\\/www.makenluxury.com\\\/wp-content\\\/uploads\\\/2025\\\/09\\\/logo-maken.jpg\",\"contentUrl\":\"https:\\\/\\\/www.makenluxury.com\\\/wp-content\\\/uploads\\\/2025\\\/09\\\/logo-maken.jpg\",\"width\":1524,\"height\":1842,\"caption\":\"MAK\u00c8N S.r.L.\"},\"image\":{\"@id\":\"https:\\\/\\\/www.makenluxury.com\\\/en\\\/#\\\/schema\\\/logo\\\/image\\\/\"},\"sameAs\":[\"https:\\\/\\\/www.instagram.com\\\/makenluxury\\\/\"]}]}<\/script>\n<!-- \/ Yoast SEO plugin. -->","yoast_head_json":{"title":"Mak\u00e8n enne medium bag | MAK\u00c8N S.r.L.","robots":{"index":"index","follow":"follow","max-snippet":"max-snippet:-1","max-image-preview":"max-image-preview:large","max-video-preview":"max-video-preview:-1"},"canonical":"https:\/\/www.makenluxury.com\/en\/item\/maken-enne-medium-bag\/","og_locale":"en_US","og_type":"article","og_title":"Mak\u00e8n enne medium bag | MAK\u00c8N S.r.L.","og_description":"MAK\u00c8N ENNE MEDIUM bag is crafted from calfskin leather with a semi-soft structure, featuring vintage gold-tone hardware, two internal compartments, an adjustable handle, and functional external pockets. Spacious, elegant, and ideal for everyday use.","og_url":"https:\/\/www.makenluxury.com\/en\/item\/maken-enne-medium-bag\/","og_site_name":"MAK\u00c8N S.r.L.","article_modified_time":"2026-01-19T11:34:05+00:00","og_image":[{"width":1080,"height":810,"url":"https:\/\/www.makenluxury.com\/wp-content\/uploads\/2025\/11\/borsa-enne-nero-media.jpg","type":"image\/jpeg"}],"twitter_card":"summary_large_image","schema":{"@context":"https:\/\/schema.org","@graph":[{"@type":"WebPage","@id":"https:\/\/www.makenluxury.com\/en\/item\/maken-enne-medium-bag\/","url":"https:\/\/www.makenluxury.com\/en\/item\/maken-enne-medium-bag\/","name":"Mak\u00e8n enne medium bag | MAK\u00c8N S.r.L.","isPartOf":{"@id":"https:\/\/www.makenluxury.com\/en\/#website"},"primaryImageOfPage":{"@id":"https:\/\/www.makenluxury.com\/en\/item\/maken-enne-medium-bag\/#primaryimage"},"image":{"@id":"https:\/\/www.makenluxury.com\/en\/item\/maken-enne-medium-bag\/#primaryimage"},"thumbnailUrl":"https:\/\/www.makenluxury.com\/wp-content\/uploads\/2025\/11\/borsa-enne-nero-media.jpg","datePublished":"2025-11-27T08:53:46+00:00","dateModified":"2026-01-19T11:34:05+00:00","breadcrumb":{"@id":"https:\/\/www.makenluxury.com\/en\/item\/maken-enne-medium-bag\/#breadcrumb"},"inLanguage":"en-US","potentialAction":[{"@type":"ReadAction","target":["https:\/\/www.makenluxury.com\/en\/item\/maken-enne-medium-bag\/"]}]},{"@type":"ImageObject","inLanguage":"en-US","@id":"https:\/\/www.makenluxury.com\/en\/item\/maken-enne-medium-bag\/#primaryimage","url":"https:\/\/www.makenluxury.com\/wp-content\/uploads\/2025\/11\/borsa-enne-nero-media.jpg","contentUrl":"https:\/\/www.makenluxury.com\/wp-content\/uploads\/2025\/11\/borsa-enne-nero-media.jpg","width":1080,"height":810,"caption":"Mak\u00e8n Borsa Enne black medium"},{"@type":"BreadcrumbList","@id":"https:\/\/www.makenluxury.com\/en\/item\/maken-enne-medium-bag\/#breadcrumb","itemListElement":[{"@type":"ListItem","position":1,"name":"Home","item":"https:\/\/www.makenluxury.com\/en\/homepage\/"},{"@type":"ListItem","position":2,"name":"Shop","item":"https:\/\/www.makenluxury.com\/en\/shop\/"},{"@type":"ListItem","position":3,"name":"Mak\u00e8n enne medium bag"}]},{"@type":"WebSite","@id":"https:\/\/www.makenluxury.com\/en\/#website","url":"https:\/\/www.makenluxury.com\/en\/","name":"MAK\u00c8N S.r.L.","description":"Un segno distintivo di eleganza senza tempo. Scopri presto il mondo MAK\u00c8N","publisher":{"@id":"https:\/\/www.makenluxury.com\/en\/#organization"},"potentialAction":[{"@type":"SearchAction","target":{"@type":"EntryPoint","urlTemplate":"https:\/\/www.makenluxury.com\/en\/?s={search_term_string}"},"query-input":{"@type":"PropertyValueSpecification","valueRequired":true,"valueName":"search_term_string"}}],"inLanguage":"en-US"},{"@type":"Organization","@id":"https:\/\/www.makenluxury.com\/en\/#organization","name":"MAK\u00c8N S.r.L.","url":"https:\/\/www.makenluxury.com\/en\/","logo":{"@type":"ImageObject","inLanguage":"en-US","@id":"https:\/\/www.makenluxury.com\/en\/#\/schema\/logo\/image\/","url":"https:\/\/www.makenluxury.com\/wp-content\/uploads\/2025\/09\/logo-maken.jpg","contentUrl":"https:\/\/www.makenluxury.com\/wp-content\/uploads\/2025\/09\/logo-maken.jpg","width":1524,"height":1842,"caption":"MAK\u00c8N S.r.L."},"image":{"@id":"https:\/\/www.makenluxury.com\/en\/#\/schema\/logo\/image\/"},"sameAs":["https:\/\/www.instagram.com\/makenluxury\/"]}]}},"_links":{"self":[{"href":"https:\/\/www.makenluxury.com\/en\/wp-json\/wp\/v2\/product\/4568","targetHints":{"allow":["GET"]}}],"collection":[{"href":"https:\/\/www.makenluxury.com\/en\/wp-json\/wp\/v2\/product"}],"about":[{"href":"https:\/\/www.makenluxury.com\/en\/wp-json\/wp\/v2\/types\/product"}],"version-history":[{"count":4,"href":"https:\/\/www.makenluxury.com\/en\/wp-json\/wp\/v2\/product\/4568\/revisions"}],"predecessor-version":[{"id":5353,"href":"https:\/\/www.makenluxury.com\/en\/wp-json\/wp\/v2\/product\/4568\/revisions\/5353"}],"wp:featuredmedia":[{"embeddable":true,"href":"https:\/\/www.makenluxury.com\/en\/wp-json\/wp\/v2\/media\/4566"}],"wp:attachment":[{"href":"https:\/\/www.makenluxury.com\/en\/wp-json\/wp\/v2\/media?parent=4568"}],"wp:term":[{"taxonomy":"product_brand","embeddable":true,"href":"https:\/\/www.makenluxury.com\/en\/wp-json\/wp\/v2\/product_brand?post=4568"},{"taxonomy":"product_cat","embeddable":true,"href":"https:\/\/www.makenluxury.com\/en\/wp-json\/wp\/v2\/product_cat?post=4568"},{"taxonomy":"product_tag","embeddable":true,"href":"https:\/\/www.makenluxury.com\/en\/wp-json\/wp\/v2\/product_tag?post=4568"}],"curies":[{"name":"wp","href":"https:\/\/api.w.org\/{rel}","templated":true}]}}