{"id":4318,"date":"2025-12-05T11:18:41","date_gmt":"2025-12-05T11:18:41","guid":{"rendered":"https:\/\/www.makenluxury.com\/articolo\/maken-lunaris-large-bag\/"},"modified":"2026-01-15T16:32:05","modified_gmt":"2026-01-15T16:32:05","slug":"maken-lunaris-large-bag","status":"publish","type":"product","link":"https:\/\/www.makenluxury.com\/en\/item\/maken-lunaris-large-bag\/","title":{"rendered":"Mak\u00e8n Lunaris Large Bag"},"content":{"rendered":"\t\t<div data-elementor-type=\"product-post\" data-elementor-id=\"4318\" class=\"elementor elementor-4318 elementor-3015\" data-elementor-post-type=\"product\">\n\t\t\t\t<div class=\"elementor-element elementor-element-509f21fb e-con-full e-flex wpr-particle-no wpr-jarallax-no wpr-parallax-no wpr-sticky-section-no wpr-equal-height-no e-con e-parent\" data-id=\"509f21fb\" data-element_type=\"container\" data-e-type=\"container\">\n\t\t<div class=\"elementor-element elementor-element-6da3a755 e-con-full e-flex wpr-particle-no wpr-jarallax-no wpr-parallax-no wpr-sticky-section-no wpr-equal-height-no e-con e-child\" data-id=\"6da3a755\" data-element_type=\"container\" data-e-type=\"container\">\n\t\t<div class=\"elementor-element elementor-element-96f6b35 e-con-full e-flex wpr-particle-no wpr-jarallax-no wpr-parallax-no wpr-sticky-section-no wpr-equal-height-no e-con e-child\" data-id=\"96f6b35\" data-element_type=\"container\" data-e-type=\"container\">\n\t\t\t\t<div class=\"elementor-element elementor-element-a64b972 elementor-widget elementor-widget-shortcode\" data-id=\"a64b972\" data-element_type=\"widget\" data-e-type=\"widget\" data-widget_type=\"shortcode.default\">\n\t\t\t\t\t\t\t<div class=\"elementor-shortcode\">\t\t<div data-elementor-type=\"section\" data-elementor-id=\"4800\" class=\"elementor elementor-4800 elementor-4796 elementor-4796\" data-elementor-post-type=\"elementor_library\">\n\t\t\t<div class=\"elementor-element elementor-element-cfb263b e-con-full e-flex wpr-particle-no wpr-jarallax-no wpr-parallax-no wpr-sticky-section-no wpr-equal-height-no e-con e-child\" data-id=\"cfb263b\" data-element_type=\"container\" data-e-type=\"container\">\n\t\t\t\t<div class=\"elementor-element elementor-element-364c1dc elementor-widget elementor-widget-heading\" data-id=\"364c1dc\" data-element_type=\"widget\" data-e-type=\"widget\" data-widget_type=\"heading.default\">\n\t\t\t\t\t<h3 class=\"elementor-heading-title elementor-size-default\">Description<\/h3>\t\t\t\t<\/div>\n\t\t\t\t<div class=\"elementor-element elementor-element-a6e5cb1 elementor-widget elementor-widget-shortcode\" data-id=\"a6e5cb1\" data-element_type=\"widget\" data-e-type=\"widget\" data-widget_type=\"shortcode.default\">\n\t\t\t\t\t\t\t<div class=\"elementor-shortcode\"><div class=\"maken-readmore-wrapper collapsed\">        <div class=\"maken-readmore-content\">\r\n            <div class=\"maken-text-short\"><p>MAK\u00c8N LUNARIS is not merely a bag \u2014 it is an object sculpted from light and shadow, shaped with the delicacy of a whisper in the softest lambskin. Upon its surface, every fold opens and closes with grace, like the...<\/p>\n<\/div>\r\n            <div class=\"maken-text-full\"><p>MAK\u00c8N LUNARIS is not merely a bag \u2014 it is an object sculpted from light and shadow, shaped with the delicacy of a whisper in the softest lambskin. Upon its surface, every fold opens and closes with grace, like the silent lunar waves breathing across its skin. The padded structure feels alive \u2014 the deep Plum hue transforms into a violet echo in the dark, while in the light, it explodes with the warm reflections of a brilliant wine. Within every knot of its construction, precious tiny crystals are scattered, perfectly set like minute stars dotting the sky. And then, there is the Chain. Not just metal \u2014 but the MAK\u00c8N signature, in electric blue, sculpted from geometric links that elegantly break with tradition, bestowing the bag with a futuristic soul. MAK\u00c8N LUNARIS is movement, luminosity, the sound of moonlit water. Created for those who enter a room and leave it in awe.<\/p>\n<\/div>\r\n        <\/div>\r\n        <div class=\"maken-readmore-trigger\">\r\n            <span class=\"maken-trigger-btn\" role=\"button\" tabindex=\"0\">Read More<\/span>\r\n        <\/div>\r\n        <\/div><\/div>\n\t\t\t\t\t\t<\/div>\n\t\t\t\t<\/div>\n\t\t<div class=\"elementor-element elementor-element-484e553 e-con-full e-flex wpr-particle-no wpr-jarallax-no wpr-parallax-no wpr-sticky-section-no wpr-equal-height-no e-con e-child\" data-id=\"484e553\" data-element_type=\"container\" data-e-type=\"container\">\n\t\t\t\t<div class=\"elementor-element elementor-element-8512535 elementor-widget elementor-widget-shortcode\" data-id=\"8512535\" data-element_type=\"widget\" data-e-type=\"widget\" data-widget_type=\"shortcode.default\">\n\t\t\t\t\t\t\t<div class=\"elementor-shortcode\"><div id=\"maken-variation-details-container\" class=\"maken-details-wrapper\">\n                <p class=\"maken-details-placeholder\" style=\"font-style:italic; opacity:0.7;\">Select a color to discover the item details<\/p>\n            <\/div><\/div>\n\t\t\t\t\t\t<\/div>\n\t\t\t\t<div class=\"elementor-element elementor-element-93a49ea elementor-widget elementor-widget-shortcode\" data-id=\"93a49ea\" data-element_type=\"widget\" data-e-type=\"widget\" data-widget_type=\"shortcode.default\">\n\t\t\t\t\t\t\t<div class=\"elementor-shortcode\"><\/div>\n\t\t\t\t\t\t<\/div>\n\t\t\t\t<\/div>\n\t\t<div class=\"elementor-element elementor-element-696d230 e-con-full e-flex wpr-particle-no wpr-jarallax-no wpr-parallax-no wpr-sticky-section-no wpr-equal-height-no e-con e-child\" data-id=\"696d230\" data-element_type=\"container\" data-e-type=\"container\">\n\t\t\t\t<div class=\"elementor-element elementor-element-355b823 elementor-widget elementor-widget-heading\" data-id=\"355b823\" data-element_type=\"widget\" data-e-type=\"widget\" data-widget_type=\"heading.default\">\n\t\t\t\t\t<h3 class=\"elementor-heading-title elementor-size-default\">Product Care<\/h3>\t\t\t\t<\/div>\n\t\t\t\t<div class=\"elementor-element elementor-element-1a4e968 elementor-widget elementor-widget-shortcode\" data-id=\"1a4e968\" data-element_type=\"widget\" data-e-type=\"widget\" data-widget_type=\"shortcode.default\">\n\t\t\t\t\t\t\t<div class=\"elementor-shortcode\"><div class=\"maken-readmore-wrapper collapsed\">        <div class=\"maken-readmore-content\">\r\n            <div class=\"maken-text-short\"><p>MAK\u00c8N products are crafted from carefully selected materials. Please handle with care to ensure the product's longevity. Protect from direct light, heat, and rain. If it comes into contact with water, dry immediately with a soft cloth. Fill the bag...<\/p>\n<\/div>\r\n            <div class=\"maken-text-full\"><p>MAK\u00c8N products are crafted from carefully selected materials.<\/p>\n<p>Please handle with care to ensure the product's longevity.<\/p>\n<ul>\n<li>Protect from direct light, heat, and rain.<\/li>\n<li>If it comes into contact with water, dry immediately with a soft cloth.<\/li>\n<li>Fill the bag with tissue paper to help maintain its shape and absorb moisture.<\/li>\n<li>Always store the product in the provided flannel dust bag.<\/li>\n<li>Avoid carrying excessively heavy items that could alter the structure of the bag.<\/li>\n<li>Clean only with a soft, dry cloth.<\/li>\n<\/ul>\n<\/div>\r\n        <\/div>\r\n        <div class=\"maken-readmore-trigger\">\r\n            <span class=\"maken-trigger-btn\" role=\"button\" tabindex=\"0\">Read More<\/span>\r\n        <\/div>\r\n        <\/div><\/div>\n\t\t\t\t\t\t<\/div>\n\t\t\t\t<\/div>\n\t\t<div class=\"elementor-element elementor-element-84e1b12 e-con-full e-flex wpr-particle-no wpr-jarallax-no wpr-parallax-no wpr-sticky-section-no wpr-equal-height-no e-con e-child\" data-id=\"84e1b12\" data-element_type=\"container\" data-e-type=\"container\">\n\t\t\t\t<div class=\"elementor-element elementor-element-4926136 elementor-widget elementor-widget-heading\" data-id=\"4926136\" data-element_type=\"widget\" data-e-type=\"widget\" data-widget_type=\"heading.default\">\n\t\t\t\t\t<h3 class=\"elementor-heading-title elementor-size-default\">Excellence, Ethics, and Sustainability<\/h3>\t\t\t\t<\/div>\n\t\t\t\t<div class=\"elementor-element elementor-element-824bc51 elementor-widget elementor-widget-shortcode\" data-id=\"824bc51\" data-element_type=\"widget\" data-e-type=\"widget\" data-widget_type=\"shortcode.default\">\n\t\t\t\t\t\t\t<div class=\"elementor-shortcode\"><div class=\"maken-readmore-wrapper collapsed\">        <div class=\"maken-readmore-content\">\r\n            <div class=\"maken-text-short\"><p>MAK\u00c8N is distinguished by its commitment to the highest international standards of social and environmental responsibility throughout the entire value chain. From the rigorous and traceable selection of raw materials to the design and creation of the finished products, we...<\/p>\n<\/div>\r\n            <div class=\"maken-text-full\"><p>MAK\u00c8N is distinguished by its commitment to the highest international standards of social and environmental responsibility throughout the entire value chain. From the rigorous and traceable selection of raw materials to the design and creation of the finished products, we adopt a circular approach that combines craftsmanship, innovation, and sustainability. Every stage of our production process is subject to continuous optimization, aiming to minimize environmental impact and promote an increasingly responsible supply chain. MAK\u00c8N products embody durability, elegance, and awareness, preserving the artisanal excellence that defines our identity and our heritage of savoir-faire.<\/p>\n<\/div>\r\n        <\/div>\r\n        <div class=\"maken-readmore-trigger\">\r\n            <span class=\"maken-trigger-btn\" role=\"button\" tabindex=\"0\">Read More<\/span>\r\n        <\/div>\r\n        <\/div><\/div>\n\t\t\t\t\t\t<\/div>\n\t\t\t\t<\/div>\n\t\t\t\t<\/div>\n\t\t<\/div>\n\t\t\t\t\t\t<\/div>\n\t\t\t\t<\/div>\n\t\t\t\t<\/div>\n\t\t<div class=\"elementor-element elementor-element-10b9e455 e-con-full e-flex wpr-particle-no wpr-jarallax-no wpr-parallax-no wpr-sticky-section-no wpr-equal-height-no e-con e-child\" data-id=\"10b9e455\" data-element_type=\"container\" data-e-type=\"container\" data-settings=\"{&quot;background_background&quot;:&quot;video&quot;,&quot;background_video_link&quot;:&quot;https:\\\/\\\/www.makenluxury.com\\\/wp-content\\\/uploads\\\/2025\\\/11\\\/video-scheda-prodotto.mp4&quot;}\">\n\t\t<div class=\"elementor-background-video-container elementor-hidden-mobile\">\n\t\t\t\t\t\t\t<video class=\"elementor-background-video-hosted\" role=\"presentation\" autoplay muted playsinline loop><\/video>\n\t\t\t\t\t<\/div>\t\t<\/div>\n\t\t\t\t<\/div>\n\t\t\t\t<\/div>\n\t\t","protected":false},"excerpt":{"rendered":"<article class=\"text-token-text-primary w-full focus:outline-none [--shadow-height:45px] has-data-writing-block:pointer-events-none has-data-writing-block:-mt-(--shadow-height) has-data-writing-block:pt-(--shadow-height) [&amp;:has([data-writing-block])&gt;*]:pointer-events-auto scroll-mt-[calc(var(--header-height)+min(200px,max(70px,20svh)))]\" dir=\"auto\" tabindex=\"-1\" data-turn-id=\"request-WEB:3ab6d72b-254d-4c70-89ee-7bbb1c3ef358-24\" data-testid=\"conversation-turn-50\" data-scroll-anchor=\"true\" data-turn=\"assistant\">\n<div class=\"text-base my-auto mx-auto pb-10 [--thread-content-margin:--spacing(4)] @w-sm\/main:[--thread-content-margin:--spacing(6)] @w-lg\/main:[--thread-content-margin:--spacing(16)] px-(--thread-content-margin)\">\n<div class=\"[--thread-content-max-width:40rem] @w-lg\/main:[--thread-content-max-width:48rem] mx-auto max-w-(--thread-content-max-width) flex-1 group\/turn-messages focus-visible:outline-hidden relative flex w-full min-w-0 flex-col agent-turn\" tabindex=\"-1\">\n<div class=\"flex max-w-full flex-col grow\">\n<div class=\"min-h-8 text-message relative flex w-full flex-col items-end gap-2 text-start break-words whitespace-normal [.text-message+&amp;]:mt-1\" dir=\"auto\" data-message-author-role=\"assistant\" data-message-id=\"c4b5922f-4699-4e6d-a082-a37361053c02\" data-message-model-slug=\"gpt-5-1\">\n<div class=\"flex w-full flex-col gap-1 empty:hidden first:pt-[1px]\">\n<div class=\"markdown prose dark:prose-invert w-full break-words light markdown-new-styling\">\n<p data-start=\"0\" data-end=\"958\" data-is-last-node=\"\" data-is-only-node=\"\">MAK\u00c8N LUNARIS is a sculptural bag crafted from supple lambskin leather, featuring a luminous, rounded structure, embellished with set crystals and the iconic electric-blue chain \u2014 a couture accessory that blends elegance with a futuristic soul.<\/p>\n<\/div>\n<\/div>\n<\/div>\n<\/div>\n<\/div>\n<\/div>\n<\/article>\n","protected":false},"featured_media":4317,"template":"","meta":[],"product_brand":[],"product_cat":[104],"product_tag":[115],"class_list":{"0":"post-4318","1":"product","2":"type-product","3":"status-publish","4":"has-post-thumbnail","6":"product_cat-bag","7":"product_tag-maken-lunaris-bag","9":"first","10":"instock","11":"taxable","12":"shipping-taxable","13":"purchasable","14":"product-type-variable"},"yoast_head":"<!-- This site is optimized with the Yoast SEO plugin v27.4 - https:\/\/yoast.com\/product\/yoast-seo-wordpress\/ -->\n<title>Mak\u00e8n Lunaris Large Bag | MAK\u00c8N S.r.L.<\/title>\n<meta name=\"robots\" content=\"index, follow, max-snippet:-1, max-image-preview:large, max-video-preview:-1\" \/>\n<link rel=\"canonical\" href=\"https:\/\/www.makenluxury.com\/en\/item\/maken-lunaris-large-bag\/\" \/>\n<meta property=\"og:locale\" content=\"en_US\" \/>\n<meta property=\"og:type\" content=\"article\" \/>\n<meta property=\"og:title\" content=\"Mak\u00e8n Lunaris Large Bag | MAK\u00c8N S.r.L.\" \/>\n<meta property=\"og:description\" content=\"MAK\u00c8N LUNARIS is a sculptural bag crafted from supple lambskin leather, featuring a luminous, rounded structure, embellished with set crystals and the iconic electric-blue chain \u2014 a couture accessory that blends elegance with a futuristic soul.\" \/>\n<meta property=\"og:url\" content=\"https:\/\/www.makenluxury.com\/en\/item\/maken-lunaris-large-bag\/\" \/>\n<meta property=\"og:site_name\" content=\"MAK\u00c8N S.r.L.\" \/>\n<meta property=\"article:modified_time\" content=\"2026-01-15T16:32:05+00:00\" \/>\n<meta property=\"og:image\" content=\"https:\/\/www.makenluxury.com\/wp-content\/uploads\/2025\/12\/lunaris_fumo-grande.jpg\" \/>\n\t<meta property=\"og:image:width\" content=\"1080\" \/>\n\t<meta property=\"og:image:height\" content=\"810\" \/>\n\t<meta property=\"og:image:type\" content=\"image\/jpeg\" \/>\n<meta name=\"twitter:card\" content=\"summary_large_image\" \/>\n<script type=\"application\/ld+json\" class=\"yoast-schema-graph\">{\"@context\":\"https:\\\/\\\/schema.org\",\"@graph\":[{\"@type\":\"WebPage\",\"@id\":\"https:\\\/\\\/www.makenluxury.com\\\/en\\\/item\\\/maken-lunaris-large-bag\\\/\",\"url\":\"https:\\\/\\\/www.makenluxury.com\\\/en\\\/item\\\/maken-lunaris-large-bag\\\/\",\"name\":\"Mak\u00e8n Lunaris Large Bag | MAK\u00c8N S.r.L.\",\"isPartOf\":{\"@id\":\"https:\\\/\\\/www.makenluxury.com\\\/en\\\/#website\"},\"primaryImageOfPage\":{\"@id\":\"https:\\\/\\\/www.makenluxury.com\\\/en\\\/item\\\/maken-lunaris-large-bag\\\/#primaryimage\"},\"image\":{\"@id\":\"https:\\\/\\\/www.makenluxury.com\\\/en\\\/item\\\/maken-lunaris-large-bag\\\/#primaryimage\"},\"thumbnailUrl\":\"https:\\\/\\\/www.makenluxury.com\\\/wp-content\\\/uploads\\\/2025\\\/12\\\/lunaris_fumo-grande.jpg\",\"datePublished\":\"2025-12-05T11:18:41+00:00\",\"dateModified\":\"2026-01-15T16:32:05+00:00\",\"breadcrumb\":{\"@id\":\"https:\\\/\\\/www.makenluxury.com\\\/en\\\/item\\\/maken-lunaris-large-bag\\\/#breadcrumb\"},\"inLanguage\":\"en-US\",\"potentialAction\":[{\"@type\":\"ReadAction\",\"target\":[\"https:\\\/\\\/www.makenluxury.com\\\/en\\\/item\\\/maken-lunaris-large-bag\\\/\"]}]},{\"@type\":\"ImageObject\",\"inLanguage\":\"en-US\",\"@id\":\"https:\\\/\\\/www.makenluxury.com\\\/en\\\/item\\\/maken-lunaris-large-bag\\\/#primaryimage\",\"url\":\"https:\\\/\\\/www.makenluxury.com\\\/wp-content\\\/uploads\\\/2025\\\/12\\\/lunaris_fumo-grande.jpg\",\"contentUrl\":\"https:\\\/\\\/www.makenluxury.com\\\/wp-content\\\/uploads\\\/2025\\\/12\\\/lunaris_fumo-grande.jpg\",\"width\":1080,\"height\":810,\"caption\":\"Maken Lunaris Large Smoke Bag\"},{\"@type\":\"BreadcrumbList\",\"@id\":\"https:\\\/\\\/www.makenluxury.com\\\/en\\\/item\\\/maken-lunaris-large-bag\\\/#breadcrumb\",\"itemListElement\":[{\"@type\":\"ListItem\",\"position\":1,\"name\":\"Home\",\"item\":\"https:\\\/\\\/www.makenluxury.com\\\/en\\\/homepage\\\/\"},{\"@type\":\"ListItem\",\"position\":2,\"name\":\"Shop\",\"item\":\"https:\\\/\\\/www.makenluxury.com\\\/en\\\/shop\\\/\"},{\"@type\":\"ListItem\",\"position\":3,\"name\":\"Mak\u00e8n Lunaris Large Bag\"}]},{\"@type\":\"WebSite\",\"@id\":\"https:\\\/\\\/www.makenluxury.com\\\/en\\\/#website\",\"url\":\"https:\\\/\\\/www.makenluxury.com\\\/en\\\/\",\"name\":\"MAK\u00c8N S.r.L.\",\"description\":\"Un segno distintivo di eleganza senza tempo. Scopri presto il mondo MAK\u00c8N\",\"publisher\":{\"@id\":\"https:\\\/\\\/www.makenluxury.com\\\/en\\\/#organization\"},\"potentialAction\":[{\"@type\":\"SearchAction\",\"target\":{\"@type\":\"EntryPoint\",\"urlTemplate\":\"https:\\\/\\\/www.makenluxury.com\\\/en\\\/?s={search_term_string}\"},\"query-input\":{\"@type\":\"PropertyValueSpecification\",\"valueRequired\":true,\"valueName\":\"search_term_string\"}}],\"inLanguage\":\"en-US\"},{\"@type\":\"Organization\",\"@id\":\"https:\\\/\\\/www.makenluxury.com\\\/en\\\/#organization\",\"name\":\"MAK\u00c8N S.r.L.\",\"url\":\"https:\\\/\\\/www.makenluxury.com\\\/en\\\/\",\"logo\":{\"@type\":\"ImageObject\",\"inLanguage\":\"en-US\",\"@id\":\"https:\\\/\\\/www.makenluxury.com\\\/en\\\/#\\\/schema\\\/logo\\\/image\\\/\",\"url\":\"https:\\\/\\\/www.makenluxury.com\\\/wp-content\\\/uploads\\\/2025\\\/09\\\/logo-maken.jpg\",\"contentUrl\":\"https:\\\/\\\/www.makenluxury.com\\\/wp-content\\\/uploads\\\/2025\\\/09\\\/logo-maken.jpg\",\"width\":1524,\"height\":1842,\"caption\":\"MAK\u00c8N S.r.L.\"},\"image\":{\"@id\":\"https:\\\/\\\/www.makenluxury.com\\\/en\\\/#\\\/schema\\\/logo\\\/image\\\/\"},\"sameAs\":[\"https:\\\/\\\/www.instagram.com\\\/makenluxury\\\/\"]}]}<\/script>\n<!-- \/ Yoast SEO plugin. -->","yoast_head_json":{"title":"Mak\u00e8n Lunaris Large Bag | MAK\u00c8N S.r.L.","robots":{"index":"index","follow":"follow","max-snippet":"max-snippet:-1","max-image-preview":"max-image-preview:large","max-video-preview":"max-video-preview:-1"},"canonical":"https:\/\/www.makenluxury.com\/en\/item\/maken-lunaris-large-bag\/","og_locale":"en_US","og_type":"article","og_title":"Mak\u00e8n Lunaris Large Bag | MAK\u00c8N S.r.L.","og_description":"MAK\u00c8N LUNARIS is a sculptural bag crafted from supple lambskin leather, featuring a luminous, rounded structure, embellished with set crystals and the iconic electric-blue chain \u2014 a couture accessory that blends elegance with a futuristic soul.","og_url":"https:\/\/www.makenluxury.com\/en\/item\/maken-lunaris-large-bag\/","og_site_name":"MAK\u00c8N S.r.L.","article_modified_time":"2026-01-15T16:32:05+00:00","og_image":[{"width":1080,"height":810,"url":"https:\/\/www.makenluxury.com\/wp-content\/uploads\/2025\/12\/lunaris_fumo-grande.jpg","type":"image\/jpeg"}],"twitter_card":"summary_large_image","schema":{"@context":"https:\/\/schema.org","@graph":[{"@type":"WebPage","@id":"https:\/\/www.makenluxury.com\/en\/item\/maken-lunaris-large-bag\/","url":"https:\/\/www.makenluxury.com\/en\/item\/maken-lunaris-large-bag\/","name":"Mak\u00e8n Lunaris Large Bag | MAK\u00c8N S.r.L.","isPartOf":{"@id":"https:\/\/www.makenluxury.com\/en\/#website"},"primaryImageOfPage":{"@id":"https:\/\/www.makenluxury.com\/en\/item\/maken-lunaris-large-bag\/#primaryimage"},"image":{"@id":"https:\/\/www.makenluxury.com\/en\/item\/maken-lunaris-large-bag\/#primaryimage"},"thumbnailUrl":"https:\/\/www.makenluxury.com\/wp-content\/uploads\/2025\/12\/lunaris_fumo-grande.jpg","datePublished":"2025-12-05T11:18:41+00:00","dateModified":"2026-01-15T16:32:05+00:00","breadcrumb":{"@id":"https:\/\/www.makenluxury.com\/en\/item\/maken-lunaris-large-bag\/#breadcrumb"},"inLanguage":"en-US","potentialAction":[{"@type":"ReadAction","target":["https:\/\/www.makenluxury.com\/en\/item\/maken-lunaris-large-bag\/"]}]},{"@type":"ImageObject","inLanguage":"en-US","@id":"https:\/\/www.makenluxury.com\/en\/item\/maken-lunaris-large-bag\/#primaryimage","url":"https:\/\/www.makenluxury.com\/wp-content\/uploads\/2025\/12\/lunaris_fumo-grande.jpg","contentUrl":"https:\/\/www.makenluxury.com\/wp-content\/uploads\/2025\/12\/lunaris_fumo-grande.jpg","width":1080,"height":810,"caption":"Maken Lunaris Large Smoke Bag"},{"@type":"BreadcrumbList","@id":"https:\/\/www.makenluxury.com\/en\/item\/maken-lunaris-large-bag\/#breadcrumb","itemListElement":[{"@type":"ListItem","position":1,"name":"Home","item":"https:\/\/www.makenluxury.com\/en\/homepage\/"},{"@type":"ListItem","position":2,"name":"Shop","item":"https:\/\/www.makenluxury.com\/en\/shop\/"},{"@type":"ListItem","position":3,"name":"Mak\u00e8n Lunaris Large Bag"}]},{"@type":"WebSite","@id":"https:\/\/www.makenluxury.com\/en\/#website","url":"https:\/\/www.makenluxury.com\/en\/","name":"MAK\u00c8N S.r.L.","description":"Un segno distintivo di eleganza senza tempo. Scopri presto il mondo MAK\u00c8N","publisher":{"@id":"https:\/\/www.makenluxury.com\/en\/#organization"},"potentialAction":[{"@type":"SearchAction","target":{"@type":"EntryPoint","urlTemplate":"https:\/\/www.makenluxury.com\/en\/?s={search_term_string}"},"query-input":{"@type":"PropertyValueSpecification","valueRequired":true,"valueName":"search_term_string"}}],"inLanguage":"en-US"},{"@type":"Organization","@id":"https:\/\/www.makenluxury.com\/en\/#organization","name":"MAK\u00c8N S.r.L.","url":"https:\/\/www.makenluxury.com\/en\/","logo":{"@type":"ImageObject","inLanguage":"en-US","@id":"https:\/\/www.makenluxury.com\/en\/#\/schema\/logo\/image\/","url":"https:\/\/www.makenluxury.com\/wp-content\/uploads\/2025\/09\/logo-maken.jpg","contentUrl":"https:\/\/www.makenluxury.com\/wp-content\/uploads\/2025\/09\/logo-maken.jpg","width":1524,"height":1842,"caption":"MAK\u00c8N S.r.L."},"image":{"@id":"https:\/\/www.makenluxury.com\/en\/#\/schema\/logo\/image\/"},"sameAs":["https:\/\/www.instagram.com\/makenluxury\/"]}]}},"_links":{"self":[{"href":"https:\/\/www.makenluxury.com\/en\/wp-json\/wp\/v2\/product\/4318","targetHints":{"allow":["GET"]}}],"collection":[{"href":"https:\/\/www.makenluxury.com\/en\/wp-json\/wp\/v2\/product"}],"about":[{"href":"https:\/\/www.makenluxury.com\/en\/wp-json\/wp\/v2\/types\/product"}],"version-history":[{"count":0,"href":"https:\/\/www.makenluxury.com\/en\/wp-json\/wp\/v2\/product\/4318\/revisions"}],"wp:featuredmedia":[{"embeddable":true,"href":"https:\/\/www.makenluxury.com\/en\/wp-json\/wp\/v2\/media\/4317"}],"wp:attachment":[{"href":"https:\/\/www.makenluxury.com\/en\/wp-json\/wp\/v2\/media?parent=4318"}],"wp:term":[{"taxonomy":"product_brand","embeddable":true,"href":"https:\/\/www.makenluxury.com\/en\/wp-json\/wp\/v2\/product_brand?post=4318"},{"taxonomy":"product_cat","embeddable":true,"href":"https:\/\/www.makenluxury.com\/en\/wp-json\/wp\/v2\/product_cat?post=4318"},{"taxonomy":"product_tag","embeddable":true,"href":"https:\/\/www.makenluxury.com\/en\/wp-json\/wp\/v2\/product_tag?post=4318"}],"curies":[{"name":"wp","href":"https:\/\/api.w.org\/{rel}","templated":true}]}}